{"id":30577,"date":"2022-02-04T12:27:56","date_gmt":"2022-02-04T11:27:56","guid":{"rendered":"https:\/\/aimalichtblau.com\/chemische-werke\/?post_type=product&#038;p=30577"},"modified":"2023-10-18T08:58:16","modified_gmt":"2023-10-18T06:58:16","slug":"allerseelen-morgenrote","status":"publish","type":"product","link":"https:\/\/aimalichtblau.com\/chemische-werke\/prodotto\/allerseelen-morgenrote\/","title":{"rendered":"ALLERSEELEN | MORGENR\u00d6TE"},"content":{"rendered":"\t\t<div data-elementor-type=\"product-post\" data-elementor-id=\"30577\" class=\"elementor elementor-30577\" data-elementor-post-type=\"product\">\n\t\t\t\t\t\t<section class=\"elementor-section elementor-top-section elementor-element elementor-element-5dc4a02d elementor-section-boxed elementor-section-height-default elementor-section-height-default neuron-fixed-no\" data-id=\"5dc4a02d\" data-element_type=\"section\">\n\t\t\t\t\t\t<div class=\"elementor-container elementor-column-gap-default\">\n\t\t\t\t\t<div class=\"elementor-column elementor-col-100 elementor-top-column elementor-element elementor-element-60913c6d\" data-id=\"60913c6d\" data-element_type=\"column\">\n\t\t\t<div class=\"elementor-widget-wrap elementor-element-populated\">\n\t\t\t\t\t\t<div class=\"elementor-element elementor-element-013d936 elementor-widget elementor-widget-heading\" data-id=\"013d936\" data-element_type=\"widget\" data-widget_type=\"heading.default\">\n\t\t\t\t<div class=\"elementor-widget-container\">\n\t\t\t<h3 class=\"elementor-heading-title elementor-size-default\">Allerseelen<br\/>\n Morgenr\u00f6te <br\/><\/h3>\t\t<\/div>\n\t\t\t\t<\/div>\n\t\t\t\t<div class=\"elementor-element elementor-element-1407487c elementor-widget elementor-widget-text-editor\" data-id=\"1407487c\" data-element_type=\"widget\" data-widget_type=\"text-editor.default\">\n\t\t\t\t<div class=\"elementor-widget-container\">\n\t\t\t\t\t\t\t<p>&#8220;Wer verzweifelt, hat das irgendwo gelernt. Whoever is desperate has learnt that somewhere.&#8221; (Oskar Werner)<\/p><p><br \/>Dramatis personae<\/p><p>II, IV, VI, VII AimA (vocals)<br \/>I &#8211; IX Christien H. (drums)<br \/>II Dimo Dimov (guitars)<br \/>VIII Estella Plunkett (vocals)<br \/>III, V Eugene Voronovsky (violin, violin arrangements)<br \/>I &#8211; IX Marcel P. (bass)<br \/>VI Marcel P. (percussion)<br \/>IV Meri Tadic (violin)<br \/>X Phobos Reactor (remix)<br \/>I &#8211; XVIII Gerhard Hallstatt<\/p><p>Exeunt.<\/p><p><br \/>\u201eUnd diejenigen, die man tanzen sah, wurden f\u00fcr verr\u00fcckt gehalten von jenen, welche die Musik nicht h\u00f6rten. And those who were seen dancing were thought to be insane by those who could not hear the music.\u201c (Friedrich Nietzsche)<br \/><br \/><\/p><p>VII was originally recorded for Sturmpercht<br \/>IX is a cover version of Als w\u00e4rs das letzte Mal by Deutsch Amerikanische Freundschaft. Lyrics: Gabi Delgado-L\u00f3pez<br \/>X is a remix by Phobos Reactor<br \/>XI &#8211; XVIII are the shortened songs from the early Allerseelen cassette Morgenr\u00f6te (1988)<\/p>\t\t\t\t\t\t<\/div>\n\t\t\t\t<\/div>\n\t\t\t\t<div class=\"elementor-element elementor-element-67fb26b elementor-widget elementor-widget-heading\" data-id=\"67fb26b\" data-element_type=\"widget\" data-widget_type=\"heading.default\">\n\t\t\t\t<div class=\"elementor-widget-container\">\n\t\t\t<h3 class=\"elementor-heading-title elementor-size-default\">CREDITS<\/h3>\t\t<\/div>\n\t\t\t\t<\/div>\n\t\t\t\t<div class=\"elementor-element elementor-element-e31ce50 elementor-widget elementor-widget-text-editor\" data-id=\"e31ce50\" data-element_type=\"widget\" data-widget_type=\"text-editor.default\">\n\t\t\t\t<div class=\"elementor-widget-container\">\n\t\t\t\t\t\t\t<div class=\"elementor-element elementor-element-a0c56c0 elementor-widget elementor-widget-text-editor\" data-id=\"a0c56c0\" data-element_type=\"widget\" data-widget_type=\"text-editor.default\"><div class=\"elementor-widget-container\"><p>Recordings: Dungeon Studio (Rhenania). Gesamtkunstwerk Studio, Haus zur letzten Latern<br \/>Mastering: Marcel P. &#8211; Dungeon Studio (Rhenania)<\/p><p><br \/>English translations: Simon Collins<\/p><p>Photographs: Gerhard Hallstatt<\/p><\/div><\/div>\t\t\t\t\t\t<\/div>\n\t\t\t\t<\/div>\n\t\t\t\t<div class=\"elementor-element elementor-element-7519875 elementor-widget elementor-widget-heading\" data-id=\"7519875\" data-element_type=\"widget\" data-widget_type=\"heading.default\">\n\t\t\t\t<div class=\"elementor-widget-container\">\n\t\t\t<h3 class=\"elementor-heading-title elementor-size-default\">LABEL<\/h3>\t\t<\/div>\n\t\t\t\t<\/div>\n\t\t\t\t<div class=\"elementor-element elementor-element-8ef7bcd elementor-widget elementor-widget-text-editor\" data-id=\"8ef7bcd\" data-element_type=\"widget\" data-widget_type=\"text-editor.default\">\n\t\t\t\t<div class=\"elementor-widget-container\">\n\t\t\t\t\t\t\t<p><a class=\"link_1ctor\" href=\"https:\/\/www.discogs.com\/it\/label\/605172-retortae\" hreflang=\"it\">:retortae:<\/a> \u2013 arkaisk 4<\/p><p><a class=\"link_1ctor\" href=\"https:\/\/www.discogs.com\/it\/label\/10598-Aorta\" hreflang=\"it\">Aorta<\/a> \u2013 AORCD 22<\/p>\t\t\t\t\t\t<\/div>\n\t\t\t\t<\/div>\n\t\t\t\t<div class=\"elementor-element elementor-element-9c9d1c9 elementor-widget elementor-widget-heading\" data-id=\"9c9d1c9\" data-element_type=\"widget\" data-widget_type=\"heading.default\">\n\t\t\t\t<div class=\"elementor-widget-container\">\n\t\t\t<h3 class=\"elementor-heading-title elementor-size-default\">DETAILS<\/h3>\t\t<\/div>\n\t\t\t\t<\/div>\n\t\t\t\t<div class=\"elementor-element elementor-element-e2007b0 elementor-widget elementor-widget-text-editor\" data-id=\"e2007b0\" data-element_type=\"widget\" data-widget_type=\"text-editor.default\">\n\t\t\t\t<div class=\"elementor-widget-container\">\n\t\t\t\t\t\t\t<div class=\"elementor-element elementor-element-a0c56c0 elementor-widget elementor-widget-text-editor\" data-id=\"a0c56c0\" data-element_type=\"widget\" data-widget_type=\"text-editor.default\"><div class=\"elementor-widget-container\">Digipak CD ltd. 500 copies.<\/div><div>\u00a9 2021 Allerseelen.<\/div><div>Ships from Austria.<\/div><\/div><div>\u00a0<\/div><div>\u00a0<\/div>\t\t\t\t\t\t<\/div>\n\t\t\t\t<\/div>\n\t\t\t\t\t<\/div>\n\t\t<\/div>\n\t\t\t\t\t<\/div>\n\t\t<\/section>\n\t\t\t\t<\/div>\n\t\t","protected":false},"excerpt":{"rendered":"<div class=\"elementor-element elementor-element-763b547 elementor-widget elementor-widget-heading\" data-id=\"763b547\" data-element_type=\"widget\" data-widget_type=\"heading.default\">\n<div class=\"elementor-widget-container\">&#8220;WER VERZWEIFELT, HAT DAS IRGENDWO GELERNT. WHOEVER IS DESPERATE HAS LEARNT THAT SOMEWHERE.&#8221; (OSKAR WERNER)<\/div>\n<\/div>\n<div class=\"elementor-element elementor-element-9bd1b5c elementor-widget elementor-widget-heading\" data-id=\"9bd1b5c\" data-element_type=\"widget\" data-widget_type=\"heading.default\">\n<div class=\"elementor-widget-container\">\n<h3 class=\"elementor-heading-title elementor-size-default\">CD DIGIPAK LTD. 500<\/h3>\n<\/div>\n<\/div>\n","protected":false},"featured_media":30589,"template":"","meta":{"_acf_changed":false,"_monsterinsights_skip_tracking":false,"_monsterinsights_sitenote_active":false,"_monsterinsights_sitenote_note":"","_monsterinsights_sitenote_category":0},"product_cat":[148,147],"product_tag":[71,74,163,77,164,141,162,142,144,165,145,161,70,166],"acf":[],"yoast_head":"<!-- This site is optimized with the Yoast SEO plugin v21.7 - https:\/\/yoast.com\/wordpress\/plugins\/seo\/ -->\n<title>ALLERSEELEN | MORGENR\u00d6TE - Chemische Werke<\/title>\n<meta name=\"description\" content=\"ALLERSEELEN | MORGENR\u00d6TE CD Digipak, limited edition of 500 copies.\" \/>\n<meta name=\"robots\" content=\"index, follow, max-snippet:-1, max-image-preview:large, max-video-preview:-1\" \/>\n<link rel=\"canonical\" href=\"https:\/\/aimalichtblau.com\/chemische-werke\/prodotto\/allerseelen-morgenrote\/\" \/>\n<meta property=\"og:locale\" content=\"en_US\" \/>\n<meta property=\"og:type\" content=\"article\" \/>\n<meta property=\"og:title\" content=\"ALLERSEELEN | MORGENR\u00d6TE - Chemische Werke\" \/>\n<meta property=\"og:description\" content=\"ALLERSEELEN | MORGENR\u00d6TE CD Digipak, limited edition of 500 copies.\" \/>\n<meta property=\"og:url\" content=\"https:\/\/aimalichtblau.com\/chemische-werke\/prodotto\/allerseelen-morgenrote\/\" \/>\n<meta property=\"og:site_name\" content=\"Chemische Werke\" \/>\n<meta property=\"article:publisher\" content=\"https:\/\/www.facebook.com\/chemischewerke\" \/>\n<meta property=\"article:modified_time\" content=\"2023-10-18T06:58:16+00:00\" \/>\n<meta property=\"og:image\" content=\"https:\/\/aimalichtblau.com\/chemische-werke\/wp-content\/uploads\/sites\/5\/2022\/02\/allerseelen-morgenrote-2021-retortae.jpg\" \/>\n\t<meta property=\"og:image:width\" content=\"1200\" \/>\n\t<meta property=\"og:image:height\" content=\"1073\" \/>\n\t<meta property=\"og:image:type\" content=\"image\/jpeg\" \/>\n<meta name=\"twitter:card\" content=\"summary_large_image\" \/>\n<meta name=\"twitter:label1\" content=\"Est. reading time\" \/>\n\t<meta name=\"twitter:data1\" content=\"1 minute\" \/>\n<script type=\"application\/ld+json\" class=\"yoast-schema-graph\">{\"@context\":\"https:\/\/schema.org\",\"@graph\":[{\"@type\":\"WebPage\",\"@id\":\"https:\/\/aimalichtblau.com\/chemische-werke\/prodotto\/allerseelen-morgenrote\/\",\"url\":\"https:\/\/aimalichtblau.com\/chemische-werke\/prodotto\/allerseelen-morgenrote\/\",\"name\":\"ALLERSEELEN | MORGENR\u00d6TE - Chemische Werke\",\"isPartOf\":{\"@id\":\"https:\/\/aimalichtblau.com\/chemische-werke\/#website\"},\"datePublished\":\"2022-02-04T11:27:56+00:00\",\"dateModified\":\"2023-10-18T06:58:16+00:00\",\"description\":\"ALLERSEELEN | MORGENR\u00d6TE CD Digipak, limited edition of 500 copies.\",\"breadcrumb\":{\"@id\":\"https:\/\/aimalichtblau.com\/chemische-werke\/prodotto\/allerseelen-morgenrote\/#breadcrumb\"},\"inLanguage\":\"en-US\",\"potentialAction\":[{\"@type\":\"ReadAction\",\"target\":[\"https:\/\/aimalichtblau.com\/chemische-werke\/prodotto\/allerseelen-morgenrote\/\"]}]},{\"@type\":\"BreadcrumbList\",\"@id\":\"https:\/\/aimalichtblau.com\/chemische-werke\/prodotto\/allerseelen-morgenrote\/#breadcrumb\",\"itemListElement\":[{\"@type\":\"ListItem\",\"position\":1,\"name\":\"Home\",\"item\":\"https:\/\/aimalichtblau.com\/chemische-werke\/\"},{\"@type\":\"ListItem\",\"position\":2,\"name\":\"Prodotti\",\"item\":\"https:\/\/aimalichtblau.com\/chemische-werke\/negozio\/\"},{\"@type\":\"ListItem\",\"position\":3,\"name\":\"ALLERSEELEN | MORGENR\u00d6TE\"}]},{\"@type\":\"WebSite\",\"@id\":\"https:\/\/aimalichtblau.com\/chemische-werke\/#website\",\"url\":\"https:\/\/aimalichtblau.com\/chemische-werke\/\",\"name\":\"Chemische Werke\",\"description\":\"Alternative Shop &amp; Zine - Devoted to the very best of Avant-Garde &amp; Underground Music and Arts\",\"publisher\":{\"@id\":\"https:\/\/aimalichtblau.com\/chemische-werke\/#organization\"},\"potentialAction\":[{\"@type\":\"SearchAction\",\"target\":{\"@type\":\"EntryPoint\",\"urlTemplate\":\"https:\/\/aimalichtblau.com\/chemische-werke\/?s={search_term_string}\"},\"query-input\":\"required name=search_term_string\"}],\"inLanguage\":\"en-US\"},{\"@type\":\"Organization\",\"@id\":\"https:\/\/aimalichtblau.com\/chemische-werke\/#organization\",\"name\":\"CHEMISCHEWERKE\",\"url\":\"https:\/\/aimalichtblau.com\/chemische-werke\/\",\"logo\":{\"@type\":\"ImageObject\",\"inLanguage\":\"en-US\",\"@id\":\"https:\/\/aimalichtblau.com\/chemische-werke\/#\/schema\/logo\/image\/\",\"url\":\"https:\/\/aimalichtblau.com\/chemische-werke\/wp-content\/uploads\/sites\/5\/2020\/06\/diego-cinquegrana-the-golden-torch-aimaproject-sa-chemische-werke-logo-favicon.png\",\"contentUrl\":\"https:\/\/aimalichtblau.com\/chemische-werke\/wp-content\/uploads\/sites\/5\/2020\/06\/diego-cinquegrana-the-golden-torch-aimaproject-sa-chemische-werke-logo-favicon.png\",\"width\":512,\"height\":512,\"caption\":\"CHEMISCHEWERKE\"},\"image\":{\"@id\":\"https:\/\/aimalichtblau.com\/chemische-werke\/#\/schema\/logo\/image\/\"},\"sameAs\":[\"https:\/\/www.facebook.com\/chemischewerke\"]}]}<\/script>\n<!-- \/ Yoast SEO plugin. -->","yoast_head_json":{"title":"ALLERSEELEN | MORGENR\u00d6TE - Chemische Werke","description":"ALLERSEELEN | MORGENR\u00d6TE CD Digipak, limited edition of 500 copies.","robots":{"index":"index","follow":"follow","max-snippet":"max-snippet:-1","max-image-preview":"max-image-preview:large","max-video-preview":"max-video-preview:-1"},"canonical":"https:\/\/aimalichtblau.com\/chemische-werke\/prodotto\/allerseelen-morgenrote\/","og_locale":"en_US","og_type":"article","og_title":"ALLERSEELEN | MORGENR\u00d6TE - Chemische Werke","og_description":"ALLERSEELEN | MORGENR\u00d6TE CD Digipak, limited edition of 500 copies.","og_url":"https:\/\/aimalichtblau.com\/chemische-werke\/prodotto\/allerseelen-morgenrote\/","og_site_name":"Chemische Werke","article_publisher":"https:\/\/www.facebook.com\/chemischewerke","article_modified_time":"2023-10-18T06:58:16+00:00","og_image":[{"width":1200,"height":1073,"url":"https:\/\/aimalichtblau.com\/chemische-werke\/wp-content\/uploads\/sites\/5\/2022\/02\/allerseelen-morgenrote-2021-retortae.jpg","type":"image\/jpeg"}],"twitter_card":"summary_large_image","twitter_misc":{"Est. reading time":"1 minute"},"schema":{"@context":"https:\/\/schema.org","@graph":[{"@type":"WebPage","@id":"https:\/\/aimalichtblau.com\/chemische-werke\/prodotto\/allerseelen-morgenrote\/","url":"https:\/\/aimalichtblau.com\/chemische-werke\/prodotto\/allerseelen-morgenrote\/","name":"ALLERSEELEN | MORGENR\u00d6TE - Chemische Werke","isPartOf":{"@id":"https:\/\/aimalichtblau.com\/chemische-werke\/#website"},"datePublished":"2022-02-04T11:27:56+00:00","dateModified":"2023-10-18T06:58:16+00:00","description":"ALLERSEELEN | MORGENR\u00d6TE CD Digipak, limited edition of 500 copies.","breadcrumb":{"@id":"https:\/\/aimalichtblau.com\/chemische-werke\/prodotto\/allerseelen-morgenrote\/#breadcrumb"},"inLanguage":"en-US","potentialAction":[{"@type":"ReadAction","target":["https:\/\/aimalichtblau.com\/chemische-werke\/prodotto\/allerseelen-morgenrote\/"]}]},{"@type":"BreadcrumbList","@id":"https:\/\/aimalichtblau.com\/chemische-werke\/prodotto\/allerseelen-morgenrote\/#breadcrumb","itemListElement":[{"@type":"ListItem","position":1,"name":"Home","item":"https:\/\/aimalichtblau.com\/chemische-werke\/"},{"@type":"ListItem","position":2,"name":"Prodotti","item":"https:\/\/aimalichtblau.com\/chemische-werke\/negozio\/"},{"@type":"ListItem","position":3,"name":"ALLERSEELEN | MORGENR\u00d6TE"}]},{"@type":"WebSite","@id":"https:\/\/aimalichtblau.com\/chemische-werke\/#website","url":"https:\/\/aimalichtblau.com\/chemische-werke\/","name":"Chemische Werke","description":"Alternative Shop &amp; Zine - Devoted to the very best of Avant-Garde &amp; Underground Music and Arts","publisher":{"@id":"https:\/\/aimalichtblau.com\/chemische-werke\/#organization"},"potentialAction":[{"@type":"SearchAction","target":{"@type":"EntryPoint","urlTemplate":"https:\/\/aimalichtblau.com\/chemische-werke\/?s={search_term_string}"},"query-input":"required name=search_term_string"}],"inLanguage":"en-US"},{"@type":"Organization","@id":"https:\/\/aimalichtblau.com\/chemische-werke\/#organization","name":"CHEMISCHEWERKE","url":"https:\/\/aimalichtblau.com\/chemische-werke\/","logo":{"@type":"ImageObject","inLanguage":"en-US","@id":"https:\/\/aimalichtblau.com\/chemische-werke\/#\/schema\/logo\/image\/","url":"https:\/\/aimalichtblau.com\/chemische-werke\/wp-content\/uploads\/sites\/5\/2020\/06\/diego-cinquegrana-the-golden-torch-aimaproject-sa-chemische-werke-logo-favicon.png","contentUrl":"https:\/\/aimalichtblau.com\/chemische-werke\/wp-content\/uploads\/sites\/5\/2020\/06\/diego-cinquegrana-the-golden-torch-aimaproject-sa-chemische-werke-logo-favicon.png","width":512,"height":512,"caption":"CHEMISCHEWERKE"},"image":{"@id":"https:\/\/aimalichtblau.com\/chemische-werke\/#\/schema\/logo\/image\/"},"sameAs":["https:\/\/www.facebook.com\/chemischewerke"]}]}},"_links":{"self":[{"href":"https:\/\/aimalichtblau.com\/chemische-werke\/wp-json\/wp\/v2\/product\/30577"}],"collection":[{"href":"https:\/\/aimalichtblau.com\/chemische-werke\/wp-json\/wp\/v2\/product"}],"about":[{"href":"https:\/\/aimalichtblau.com\/chemische-werke\/wp-json\/wp\/v2\/types\/product"}],"version-history":[{"count":13,"href":"https:\/\/aimalichtblau.com\/chemische-werke\/wp-json\/wp\/v2\/product\/30577\/revisions"}],"predecessor-version":[{"id":30891,"href":"https:\/\/aimalichtblau.com\/chemische-werke\/wp-json\/wp\/v2\/product\/30577\/revisions\/30891"}],"wp:featuredmedia":[{"embeddable":true,"href":"https:\/\/aimalichtblau.com\/chemische-werke\/wp-json\/wp\/v2\/media\/30589"}],"wp:attachment":[{"href":"https:\/\/aimalichtblau.com\/chemische-werke\/wp-json\/wp\/v2\/media?parent=30577"}],"wp:term":[{"taxonomy":"product_cat","embeddable":true,"href":"https:\/\/aimalichtblau.com\/chemische-werke\/wp-json\/wp\/v2\/product_cat?post=30577"},{"taxonomy":"product_tag","embeddable":true,"href":"https:\/\/aimalichtblau.com\/chemische-werke\/wp-json\/wp\/v2\/product_tag?post=30577"}],"curies":[{"name":"wp","href":"https:\/\/api.w.org\/{rel}","templated":true}]}}