{"id":29973,"date":"2021-10-08T22:19:12","date_gmt":"2021-10-08T20:19:12","guid":{"rendered":"https:\/\/aimalichtblau.com\/shop\/?post_type=product&#038;p=29973"},"modified":"2023-01-12T09:48:34","modified_gmt":"2023-01-12T08:48:34","slug":"ljd-sang-pour-sang","status":"publish","type":"product","link":"https:\/\/aimalichtblau.com\/shop\/prodotto\/ljd-sang-pour-sang\/","title":{"rendered":"LJD &#8211; SANG POUR SANG"},"content":{"rendered":"\t\t<div data-elementor-type=\"product-post\" data-elementor-id=\"29973\" class=\"elementor elementor-29973\" data-elementor-post-type=\"product\">\n\t\t\t\t\t\t<section class=\"elementor-section elementor-top-section elementor-element elementor-element-13c46ebb elementor-section-boxed elementor-section-height-default elementor-section-height-default neuron-fixed-no\" data-id=\"13c46ebb\" data-element_type=\"section\">\n\t\t\t\t\t\t<div class=\"elementor-container elementor-column-gap-default\">\n\t\t\t\t\t<div class=\"elementor-column elementor-col-100 elementor-top-column elementor-element elementor-element-d73ab62\" data-id=\"d73ab62\" data-element_type=\"column\">\n\t\t\t<div class=\"elementor-widget-wrap elementor-element-populated\">\n\t\t\t\t\t\t<div class=\"elementor-element elementor-element-1b6de0b3 elementor-widget elementor-widget-text-editor\" data-id=\"1b6de0b3\" data-element_type=\"widget\" data-widget_type=\"text-editor.default\">\n\t\t\t\t<div class=\"elementor-widget-container\">\n\t\t\t\t\t\t\t<div class=\"elementor-element elementor-element-763b547 elementor-widget elementor-widget-heading\" data-id=\"763b547\" data-element_type=\"widget\" data-widget_type=\"heading.default\"><h3 class=\"elementor-widget-container\"><span style=\"color: #000000;\">Les Jumeaux Discordants<br \/><\/span><\/h3><h3 class=\"elementor-widget-container\"><span style=\"color: #000000;\">Sang Pour Sang<br \/><\/span><\/h3><\/div><div class=\"elementor-element elementor-element-a0c56c0 elementor-widget elementor-widget-text-editor\" data-id=\"a0c56c0\" data-element_type=\"widget\" data-widget_type=\"text-editor.default\"><div class=\"elementor-widget-container\"><p><span style=\"color: #000000;\">AFTER MORE THAN A YEAR, ATHANOR STRIKES BACK WITH THE FIRST FULL TIME RELEASE FROM ITALIAN DUO LES JUMEAUX DISCORDANTS. SANG POUR SANG IS THE SECOND OPUS FROM LJD AFTER A SOLD OUT AND ACCLAIMED EP ON HAURUCK!SPQR\/MISTY CIRCLES. THE RECORDING IS BASED ON THE ANCIENT CONCEPTS OF KAT\u00c0BASIS AND AN\u00c0BASIS AND IS DIVIDED IN TWO SECTIONS: THE FIRST IS MADE BY OBSCURE AND SINISTER ATMOSPHERES; THE SECOND IS MORE LYRICAL. MUSICALLY SANG POUR SANG IS THE PERFECT BALANCE BETWEEN THE BEST NEOCLASSICAL AMBIANCES AND MARTIAL INDUSTRIAL WITH AN ART NOUVEAU\u2019S TOUCH.<\/span><\/p><p>\u00a0<\/p><h3 class=\"elementor-heading-title elementor-size-default\"><span style=\"color: #000000;\">CREDITS<br \/><br \/><\/span><\/h3><p><span style=\"color: #000000;\">\u00a0MIX &amp; MASTERING: REEKS, ROME<br \/>GRAPHIC DESIGN: AIMAPROJECT.COM<br \/>LYRICS: AIMA, G\u00c9RARD DE NERVAL, SALLUSTIO, ANGELO TONELLI, ELIPHAS L\u00c9VI, SAPPHO<br \/>GUESTS: ZENO GABAGLIO (CELLO IN &#8220;D\u00c8DUKE M\u00c8N A SEL\u00c0NNA KA\u00cc PLE\u00ccADES&#8221;) DANIELA BEDESKI(BACKING VOCALS IN &#8220;D\u00c8DUKE M\u00c8N A SEL\u00c0NNA KA\u00cc PLE\u00ccADES&#8221;) ANGELO TONELLI (READING IN &#8220;LA DEA BIANCA&#8221;, &#8220;DISTICO ORFICO&#8221; AND &#8220;SACRIFICE&#8221;)<\/span><\/p><\/div><\/div><div><div class=\"elementor-widget-container\"><h3 class=\"elementor-heading-title elementor-size-default\"><span style=\"color: #000000;\">CD<\/span><\/h3><\/div><\/div><div class=\"elementor-element elementor-element-b93f460 elementor-widget elementor-widget-text-editor\" data-id=\"b93f460\" data-element_type=\"widget\" data-widget_type=\"text-editor.default\"><div class=\"elementor-widget-container\"><p><span style=\"color: #000000;\">CD DIGIPAK, Ltd. 300 copies<\/span><\/p><\/div><\/div><div class=\"elementor-element elementor-element-cbf3b16 elementor-widget elementor-widget-heading\" data-id=\"cbf3b16\" data-element_type=\"widget\" data-widget_type=\"heading.default\"><div class=\"elementor-widget-container\"><h3 class=\"elementor-heading-title elementor-size-default\"><span style=\"color: #000000;\">Date<\/span><\/h3><\/div><\/div><div class=\"elementor-element elementor-element-a3de37d elementor-widget elementor-widget-text-editor\" data-id=\"a3de37d\" data-element_type=\"widget\" data-widget_type=\"text-editor.default\"><div class=\"elementor-widget-container\"><p><span style=\"color: #000000;\">\u00a9 2010 Les Jumeaux Discordants<br \/><\/span><\/p><\/div><\/div>\t\t\t\t\t\t<\/div>\n\t\t\t\t<\/div>\n\t\t\t\t<div class=\"elementor-element elementor-element-0fa3a45 elementor-share-buttons--view-icon elementor-share-buttons--skin-framed elementor-share-buttons--color-custom elementor-share-buttons--shape-square elementor-grid-0 elementor-widget elementor-widget-share-buttons\" data-id=\"0fa3a45\" data-element_type=\"widget\" data-widget_type=\"share-buttons.default\">\n\t\t\t\t<div class=\"elementor-widget-container\">\n\t\t\t\t\t<div class=\"elementor-grid\">\n\t\t\t\t\t\t\t\t<div class=\"elementor-grid-item\">\n\t\t\t\t\t\t<div\n\t\t\t\t\t\t\tclass=\"elementor-share-btn elementor-share-btn_facebook\"\n\t\t\t\t\t\t\trole=\"button\"\n\t\t\t\t\t\t\ttabindex=\"0\"\n\t\t\t\t\t\t\taria-label=\"Share on facebook\"\n\t\t\t\t\t\t>\n\t\t\t\t\t\t\t\t\t\t\t\t\t\t\t<span class=\"elementor-share-btn__icon\">\n\t\t\t\t\t\t\t\t<i class=\"fab fa-facebook\" aria-hidden=\"true\"><\/i>\t\t\t\t\t\t\t<\/span>\n\t\t\t\t\t\t\t\t\t\t\t\t\t\t\t\t\t\t\t\t<\/div>\n\t\t\t\t\t<\/div>\n\t\t\t\t\t\t\t\t\t<div class=\"elementor-grid-item\">\n\t\t\t\t\t\t<div\n\t\t\t\t\t\t\tclass=\"elementor-share-btn elementor-share-btn_twitter\"\n\t\t\t\t\t\t\trole=\"button\"\n\t\t\t\t\t\t\ttabindex=\"0\"\n\t\t\t\t\t\t\taria-label=\"Share on twitter\"\n\t\t\t\t\t\t>\n\t\t\t\t\t\t\t\t\t\t\t\t\t\t\t<span class=\"elementor-share-btn__icon\">\n\t\t\t\t\t\t\t\t<i class=\"fab fa-twitter\" aria-hidden=\"true\"><\/i>\t\t\t\t\t\t\t<\/span>\n\t\t\t\t\t\t\t\t\t\t\t\t\t\t\t\t\t\t\t\t<\/div>\n\t\t\t\t\t<\/div>\n\t\t\t\t\t\t\t\t\t<div class=\"elementor-grid-item\">\n\t\t\t\t\t\t<div\n\t\t\t\t\t\t\tclass=\"elementor-share-btn elementor-share-btn_vk\"\n\t\t\t\t\t\t\trole=\"button\"\n\t\t\t\t\t\t\ttabindex=\"0\"\n\t\t\t\t\t\t\taria-label=\"Share on vk\"\n\t\t\t\t\t\t>\n\t\t\t\t\t\t\t\t\t\t\t\t\t\t\t<span class=\"elementor-share-btn__icon\">\n\t\t\t\t\t\t\t\t<i class=\"fab fa-vk\" aria-hidden=\"true\"><\/i>\t\t\t\t\t\t\t<\/span>\n\t\t\t\t\t\t\t\t\t\t\t\t\t\t\t\t\t\t\t\t<\/div>\n\t\t\t\t\t<\/div>\n\t\t\t\t\t\t<\/div>\n\t\t\t\t<\/div>\n\t\t\t\t<\/div>\n\t\t\t\t<div class=\"elementor-element elementor-element-e5ece39 elementor-button-info elementor-align-left elementor-widget elementor-widget-button\" data-id=\"e5ece39\" data-element_type=\"widget\" data-widget_type=\"button.default\">\n\t\t\t\t<div class=\"elementor-widget-container\">\n\t\t\t\t\t<div class=\"elementor-button-wrapper\">\n\t\t\t<a class=\"elementor-button elementor-button-link elementor-size-md elementor-animation-shrink\" href=\"mailto:info@aimalichtblau.com\">\n\t\t\t\t\t\t<span class=\"elementor-button-content-wrapper\">\n\t\t\t\t\t\t\t\t\t<span class=\"elementor-button-text\">Request Infos<\/span>\n\t\t\t\t\t<\/span>\n\t\t\t\t\t<\/a>\n\t\t<\/div>\n\t\t\t\t<\/div>\n\t\t\t\t<\/div>\n\t\t\t\t\t<\/div>\n\t\t<\/div>\n\t\t\t\t\t<\/div>\n\t\t<\/section>\n\t\t\t\t<\/div>\n\t\t","protected":false},"excerpt":{"rendered":"<div class=\"elementor-element elementor-element-763b547 elementor-widget elementor-widget-heading\" data-id=\"763b547\" data-element_type=\"widget\" data-widget_type=\"heading.default\">\n<div class=\"elementor-widget-container\">\n<p class=\"elementor-heading-title elementor-size-default\"><span style=\"color: #000000;\">AFTER MORE THAN A YEAR, ATHANOR STRIKES BACK WITH THE FIRST FULL TIME RELEASE FROM ITALIAN DUO LES JUMEAUX DISCORDANTS. SANG POUR SANG IS THE SECOND OPUS FROM LJD AFTER A SOLD OUT AND ACCLAIMED EP ON HAURUCK!SPQR\/MISTY CIRCLES.<\/span><\/p>\n<\/div>\n<\/div>\n<div class=\"elementor-element elementor-element-9bd1b5c elementor-widget elementor-widget-heading\" data-id=\"9bd1b5c\" data-element_type=\"widget\" data-widget_type=\"heading.default\">\n<div class=\"elementor-widget-container\">\n<h4 class=\"elementor-heading-title elementor-size-default\"><span style=\"color: #000000;\">CD<\/span><\/h4>\n<\/div>\n<\/div>\n<div class=\"elementor-element elementor-element-b93f460 elementor-widget elementor-widget-text-editor\" data-id=\"b93f460\" data-element_type=\"widget\" data-widget_type=\"text-editor.default\">\n<div class=\"elementor-widget-container\">\n<p><span style=\"color: #000000;\">DIGIPAK LTD. 300<\/span><\/p>\n<\/div>\n<\/div>\n","protected":false},"featured_media":29975,"template":"","meta":{"_acf_changed":false,"_monsterinsights_skip_tracking":false,"_monsterinsights_sitenote_active":false,"_monsterinsights_sitenote_note":"","_monsterinsights_sitenote_category":0},"product_cat":[112],"product_tag":[71,129,127,77,109,123,70,124,125],"acf":[],"yoast_head":"<!-- This site is optimized with the Yoast SEO plugin v21.7 - https:\/\/yoast.com\/wordpress\/plugins\/seo\/ -->\n<title>LJD - SANG POUR SANG &#8226; AimA Lichtblau Shop<\/title>\n<meta name=\"robots\" content=\"index, follow, max-snippet:-1, max-image-preview:large, max-video-preview:-1\" \/>\n<link rel=\"canonical\" href=\"https:\/\/aimalichtblau.com\/shop\/prodotto\/ljd-sang-pour-sang\/\" \/>\n<meta property=\"og:locale\" content=\"en_US\" \/>\n<meta property=\"og:type\" content=\"article\" \/>\n<meta property=\"og:title\" content=\"LJD - SANG POUR SANG &#8226; AimA Lichtblau Shop\" \/>\n<meta property=\"og:description\" content=\"AFTER MORE THAN A YEAR, ATHANOR STRIKES BACK WITH THE FIRST FULL TIME RELEASE FROM ITALIAN DUO LES JUMEAUX DISCORDANTS. SANG POUR SANG IS THE SECOND OPUS FROM LJD AFTER A SOLD OUT AND ACCLAIMED EP ON HAURUCK!SPQR\/MISTY CIRCLES.      CD      DIGIPAK LTD. 300\" \/>\n<meta property=\"og:url\" content=\"https:\/\/aimalichtblau.com\/shop\/prodotto\/ljd-sang-pour-sang\/\" \/>\n<meta property=\"og:site_name\" content=\"AimA Lichtblau Shop\" \/>\n<meta property=\"article:modified_time\" content=\"2023-01-12T08:48:34+00:00\" \/>\n<meta property=\"og:image\" content=\"https:\/\/aimalichtblau.com\/shop\/wp-content\/uploads\/sites\/4\/2021\/10\/les-jumeaux-discordants-sang-pour-sang-athanor-ars-regia-records-angelo-tonelli-aima-lichtblau.jpg\" \/>\n\t<meta property=\"og:image:width\" content=\"1500\" \/>\n\t<meta property=\"og:image:height\" content=\"1500\" \/>\n\t<meta property=\"og:image:type\" content=\"image\/jpeg\" \/>\n<meta name=\"twitter:card\" content=\"summary_large_image\" \/>\n<meta name=\"twitter:label1\" content=\"Est. reading time\" \/>\n\t<meta name=\"twitter:data1\" content=\"1 minute\" \/>\n<script type=\"application\/ld+json\" class=\"yoast-schema-graph\">{\"@context\":\"https:\/\/schema.org\",\"@graph\":[{\"@type\":\"WebPage\",\"@id\":\"https:\/\/aimalichtblau.com\/shop\/prodotto\/ljd-sang-pour-sang\/\",\"url\":\"https:\/\/aimalichtblau.com\/shop\/prodotto\/ljd-sang-pour-sang\/\",\"name\":\"LJD - SANG POUR SANG &#8226; AimA Lichtblau Shop\",\"isPartOf\":{\"@id\":\"https:\/\/aimalichtblau.com\/shop\/#website\"},\"datePublished\":\"2021-10-08T20:19:12+00:00\",\"dateModified\":\"2023-01-12T08:48:34+00:00\",\"breadcrumb\":{\"@id\":\"https:\/\/aimalichtblau.com\/shop\/prodotto\/ljd-sang-pour-sang\/#breadcrumb\"},\"inLanguage\":\"en-US\",\"potentialAction\":[{\"@type\":\"ReadAction\",\"target\":[\"https:\/\/aimalichtblau.com\/shop\/prodotto\/ljd-sang-pour-sang\/\"]}]},{\"@type\":\"BreadcrumbList\",\"@id\":\"https:\/\/aimalichtblau.com\/shop\/prodotto\/ljd-sang-pour-sang\/#breadcrumb\",\"itemListElement\":[{\"@type\":\"ListItem\",\"position\":1,\"name\":\"Home\",\"item\":\"https:\/\/aimalichtblau.com\/shop\/\"},{\"@type\":\"ListItem\",\"position\":2,\"name\":\"Prodotti\",\"item\":\"https:\/\/aimalichtblau.com\/shop\/shop\/\"},{\"@type\":\"ListItem\",\"position\":3,\"name\":\"LJD &#8211; SANG POUR SANG\"}]},{\"@type\":\"WebSite\",\"@id\":\"https:\/\/aimalichtblau.com\/shop\/#website\",\"url\":\"https:\/\/aimalichtblau.com\/shop\/\",\"name\":\"AimA Lichtblau Shop\",\"description\":\"Cds - Vinyls - Books - Art\",\"publisher\":{\"@id\":\"https:\/\/aimalichtblau.com\/shop\/#organization\"},\"potentialAction\":[{\"@type\":\"SearchAction\",\"target\":{\"@type\":\"EntryPoint\",\"urlTemplate\":\"https:\/\/aimalichtblau.com\/shop\/?s={search_term_string}\"},\"query-input\":\"required name=search_term_string\"}],\"inLanguage\":\"en-US\"},{\"@type\":\"Organization\",\"@id\":\"https:\/\/aimalichtblau.com\/shop\/#organization\",\"name\":\"AimA Lichtblau Shop\",\"url\":\"https:\/\/aimalichtblau.com\/shop\/\",\"logo\":{\"@type\":\"ImageObject\",\"inLanguage\":\"en-US\",\"@id\":\"https:\/\/aimalichtblau.com\/shop\/#\/schema\/logo\/image\/\",\"url\":\"https:\/\/aimalichtblau.com\/shop\/wp-content\/uploads\/sites\/4\/2021\/09\/diego-cinquegrana-the-golden-torch-aimaproject-sa-aima-lichtblau-logo-shop-nero.png\",\"contentUrl\":\"https:\/\/aimalichtblau.com\/shop\/wp-content\/uploads\/sites\/4\/2021\/09\/diego-cinquegrana-the-golden-torch-aimaproject-sa-aima-lichtblau-logo-shop-nero.png\",\"width\":1000,\"height\":1000,\"caption\":\"AimA Lichtblau Shop\"},\"image\":{\"@id\":\"https:\/\/aimalichtblau.com\/shop\/#\/schema\/logo\/image\/\"}}]}<\/script>\n<!-- \/ Yoast SEO plugin. -->","yoast_head_json":{"title":"LJD - SANG POUR SANG &#8226; AimA Lichtblau Shop","robots":{"index":"index","follow":"follow","max-snippet":"max-snippet:-1","max-image-preview":"max-image-preview:large","max-video-preview":"max-video-preview:-1"},"canonical":"https:\/\/aimalichtblau.com\/shop\/prodotto\/ljd-sang-pour-sang\/","og_locale":"en_US","og_type":"article","og_title":"LJD - SANG POUR SANG &#8226; AimA Lichtblau Shop","og_description":"AFTER MORE THAN A YEAR, ATHANOR STRIKES BACK WITH THE FIRST FULL TIME RELEASE FROM ITALIAN DUO LES JUMEAUX DISCORDANTS. SANG POUR SANG IS THE SECOND OPUS FROM LJD AFTER A SOLD OUT AND ACCLAIMED EP ON HAURUCK!SPQR\/MISTY CIRCLES.      CD      DIGIPAK LTD. 300","og_url":"https:\/\/aimalichtblau.com\/shop\/prodotto\/ljd-sang-pour-sang\/","og_site_name":"AimA Lichtblau Shop","article_modified_time":"2023-01-12T08:48:34+00:00","og_image":[{"width":1500,"height":1500,"url":"https:\/\/aimalichtblau.com\/shop\/wp-content\/uploads\/sites\/4\/2021\/10\/les-jumeaux-discordants-sang-pour-sang-athanor-ars-regia-records-angelo-tonelli-aima-lichtblau.jpg","type":"image\/jpeg"}],"twitter_card":"summary_large_image","twitter_misc":{"Est. reading time":"1 minute"},"schema":{"@context":"https:\/\/schema.org","@graph":[{"@type":"WebPage","@id":"https:\/\/aimalichtblau.com\/shop\/prodotto\/ljd-sang-pour-sang\/","url":"https:\/\/aimalichtblau.com\/shop\/prodotto\/ljd-sang-pour-sang\/","name":"LJD - SANG POUR SANG &#8226; AimA Lichtblau Shop","isPartOf":{"@id":"https:\/\/aimalichtblau.com\/shop\/#website"},"datePublished":"2021-10-08T20:19:12+00:00","dateModified":"2023-01-12T08:48:34+00:00","breadcrumb":{"@id":"https:\/\/aimalichtblau.com\/shop\/prodotto\/ljd-sang-pour-sang\/#breadcrumb"},"inLanguage":"en-US","potentialAction":[{"@type":"ReadAction","target":["https:\/\/aimalichtblau.com\/shop\/prodotto\/ljd-sang-pour-sang\/"]}]},{"@type":"BreadcrumbList","@id":"https:\/\/aimalichtblau.com\/shop\/prodotto\/ljd-sang-pour-sang\/#breadcrumb","itemListElement":[{"@type":"ListItem","position":1,"name":"Home","item":"https:\/\/aimalichtblau.com\/shop\/"},{"@type":"ListItem","position":2,"name":"Prodotti","item":"https:\/\/aimalichtblau.com\/shop\/shop\/"},{"@type":"ListItem","position":3,"name":"LJD &#8211; SANG POUR SANG"}]},{"@type":"WebSite","@id":"https:\/\/aimalichtblau.com\/shop\/#website","url":"https:\/\/aimalichtblau.com\/shop\/","name":"AimA Lichtblau Shop","description":"Cds - Vinyls - Books - Art","publisher":{"@id":"https:\/\/aimalichtblau.com\/shop\/#organization"},"potentialAction":[{"@type":"SearchAction","target":{"@type":"EntryPoint","urlTemplate":"https:\/\/aimalichtblau.com\/shop\/?s={search_term_string}"},"query-input":"required name=search_term_string"}],"inLanguage":"en-US"},{"@type":"Organization","@id":"https:\/\/aimalichtblau.com\/shop\/#organization","name":"AimA Lichtblau Shop","url":"https:\/\/aimalichtblau.com\/shop\/","logo":{"@type":"ImageObject","inLanguage":"en-US","@id":"https:\/\/aimalichtblau.com\/shop\/#\/schema\/logo\/image\/","url":"https:\/\/aimalichtblau.com\/shop\/wp-content\/uploads\/sites\/4\/2021\/09\/diego-cinquegrana-the-golden-torch-aimaproject-sa-aima-lichtblau-logo-shop-nero.png","contentUrl":"https:\/\/aimalichtblau.com\/shop\/wp-content\/uploads\/sites\/4\/2021\/09\/diego-cinquegrana-the-golden-torch-aimaproject-sa-aima-lichtblau-logo-shop-nero.png","width":1000,"height":1000,"caption":"AimA Lichtblau Shop"},"image":{"@id":"https:\/\/aimalichtblau.com\/shop\/#\/schema\/logo\/image\/"}}]}},"_links":{"self":[{"href":"https:\/\/aimalichtblau.com\/shop\/wp-json\/wp\/v2\/product\/29973"}],"collection":[{"href":"https:\/\/aimalichtblau.com\/shop\/wp-json\/wp\/v2\/product"}],"about":[{"href":"https:\/\/aimalichtblau.com\/shop\/wp-json\/wp\/v2\/types\/product"}],"version-history":[{"count":8,"href":"https:\/\/aimalichtblau.com\/shop\/wp-json\/wp\/v2\/product\/29973\/revisions"}],"predecessor-version":[{"id":29984,"href":"https:\/\/aimalichtblau.com\/shop\/wp-json\/wp\/v2\/product\/29973\/revisions\/29984"}],"wp:featuredmedia":[{"embeddable":true,"href":"https:\/\/aimalichtblau.com\/shop\/wp-json\/wp\/v2\/media\/29975"}],"wp:attachment":[{"href":"https:\/\/aimalichtblau.com\/shop\/wp-json\/wp\/v2\/media?parent=29973"}],"wp:term":[{"taxonomy":"product_cat","embeddable":true,"href":"https:\/\/aimalichtblau.com\/shop\/wp-json\/wp\/v2\/product_cat?post=29973"},{"taxonomy":"product_tag","embeddable":true,"href":"https:\/\/aimalichtblau.com\/shop\/wp-json\/wp\/v2\/product_tag?post=29973"}],"curies":[{"name":"wp","href":"https:\/\/api.w.org\/{rel}","templated":true}]}}