{"id":30505,"date":"2024-05-07T19:15:41","date_gmt":"2024-05-07T17:15:41","guid":{"rendered":"https:\/\/aimalichtblau.com\/shop\/?post_type=product&#038;p=30505"},"modified":"2024-05-08T22:15:46","modified_gmt":"2024-05-08T20:15:46","slug":"allerseelen-venezia-cd","status":"publish","type":"product","link":"https:\/\/aimalichtblau.com\/shop\/prodotto\/allerseelen-venezia-cd\/","title":{"rendered":"ALLERSEELEN | Venezia"},"content":{"rendered":"\t\t<div data-elementor-type=\"product-post\" data-elementor-id=\"30505\" class=\"elementor elementor-30505\" data-elementor-post-type=\"product\">\n\t\t\t\t\t\t<section class=\"elementor-section elementor-top-section elementor-element elementor-element-13c46ebb elementor-section-boxed elementor-section-height-default elementor-section-height-default neuron-fixed-no\" data-id=\"13c46ebb\" data-element_type=\"section\">\n\t\t\t\t\t\t<div class=\"elementor-container elementor-column-gap-default\">\n\t\t\t\t\t<div class=\"elementor-column elementor-col-100 elementor-top-column elementor-element elementor-element-d73ab62\" data-id=\"d73ab62\" data-element_type=\"column\">\n\t\t\t<div class=\"elementor-widget-wrap elementor-element-populated\">\n\t\t\t\t\t\t<div class=\"elementor-element elementor-element-1b6de0b3 elementor-widget elementor-widget-text-editor\" data-id=\"1b6de0b3\" data-element_type=\"widget\" data-widget_type=\"text-editor.default\">\n\t\t\t\t<div class=\"elementor-widget-container\">\n\t\t\t\t\t\t\t<div class=\"elementor-element elementor-element-763b547 elementor-widget elementor-widget-heading\" data-id=\"763b547\" data-element_type=\"widget\" data-widget_type=\"heading.default\"><h3 class=\"elementor-widget-container\"><span style=\"color: #000000;\">Allerseelen<\/span><\/h3><h3 class=\"elementor-widget-container\"><span style=\"color: #000000;\">VENEZIA<\/span><\/h3><\/div><div class=\"elementor-element elementor-element-a0c56c0 elementor-widget elementor-widget-text-editor\" data-id=\"a0c56c0\" data-element_type=\"widget\" data-widget_type=\"text-editor.default\"><div class=\"elementor-widget-container\"><p><span style=\"color: #000000;\">this mus\u00edca mar\u00edtt\u00edma, inspired by a magical mystery tour to venezia in spring mm, was recorded in summer and autumn mm. &#8220;horusknaben&#8221; is inspired by the song &#8220;on wings of rapture&#8221; by hagalaz runedance. &#8220;bist du die nacht&#8221; contains the voice of oskar werner reciting from rainer maria rilke, &#8220;die weise von liebe und tod des cornets christoph rilke&#8221;. &#8220;venedig&#8221; contains the voice of gert westphal. <br \/>this compact disk is dedicated to the bavarian designer of all allerseelen releases. <br \/>it is also dedicated to the three hot-blooded moroccan drummers who were on stage with allerseelen during the live performance in the teatro komano of segobriga, spain on 15.vii.mm. <\/span><\/p><\/div><\/div><div class=\"elementor-element elementor-element-101c32f elementor-widget elementor-widget-heading\" data-id=\"101c32f\" data-element_type=\"widget\" data-widget_type=\"heading.default\"><div class=\"elementor-widget-container\"><h3 class=\"elementor-heading-title elementor-size-default\"><span style=\"color: #000000;\">Credits<\/span><\/h3><\/div><\/div><div class=\"elementor-element elementor-element-25023ca elementor-widget elementor-widget-text-editor\" data-id=\"25023ca\" data-element_type=\"widget\" data-widget_type=\"text-editor.default\"><div class=\"elementor-widget-container\"><span style=\"color: #000000;\">Featuring [Mus\u00edca Mar\u00edtt\u00edma], Layout [Gestaltung] \u2013 Kadmon<\/span><br \/><span style=\"color: #000000;\">Layout [Gestaltung] \u2013 Salt<\/span><br \/><span style=\"color: #000000;\">Lyrics By \u2013 Kadmon (tracks: 1, 3, 9 to 12)<\/span><\/div><div>\u00a0<\/div><div class=\"elementor-widget-container\"><h3 class=\"elementor-heading-title elementor-size-default\"><span style=\"color: #000000;\">Label\u00a0<br \/><br \/><\/span><\/h3><p><span style=\"color: #000000;\">Aorta<br \/><\/span><\/p><\/div><\/div><div class=\"elementor-element elementor-element-9bd1b5c elementor-widget elementor-widget-heading\" data-id=\"9bd1b5c\" data-element_type=\"widget\" data-widget_type=\"heading.default\"><div class=\"elementor-widget-container\"><h3 class=\"elementor-heading-title elementor-size-default\"><span style=\"color: #000000;\">CD<\/span><\/h3><\/div><\/div><div class=\"elementor-element elementor-element-b93f460 elementor-widget elementor-widget-text-editor\" data-id=\"b93f460\" data-element_type=\"widget\" data-widget_type=\"text-editor.default\"><div class=\"elementor-widget-container\"><p><span style=\"color: #000000;\">Cd Digipak <br \/><\/span><\/p><\/div><\/div><div class=\"elementor-element elementor-element-cbf3b16 elementor-widget elementor-widget-heading\" data-id=\"cbf3b16\" data-element_type=\"widget\" data-widget_type=\"heading.default\"><div class=\"elementor-widget-container\"><h3 class=\"elementor-heading-title elementor-size-default\"><span style=\"color: #000000;\">Date<\/span><\/h3><\/div><\/div><div class=\"elementor-element elementor-element-a3de37d elementor-widget elementor-widget-text-editor\" data-id=\"a3de37d\" data-element_type=\"widget\" data-widget_type=\"text-editor.default\"><div class=\"elementor-widget-container\"><p><span style=\"color: #000000;\">\u00a9 2001<\/span><\/p><\/div><\/div>\t\t\t\t\t\t<\/div>\n\t\t\t\t<\/div>\n\t\t\t\t<div class=\"elementor-element elementor-element-0fa3a45 elementor-share-buttons--view-icon elementor-share-buttons--skin-framed elementor-share-buttons--color-custom elementor-share-buttons--shape-square elementor-grid-0 elementor-widget elementor-widget-share-buttons\" data-id=\"0fa3a45\" data-element_type=\"widget\" data-widget_type=\"share-buttons.default\">\n\t\t\t\t<div class=\"elementor-widget-container\">\n\t\t\t\t\t<div class=\"elementor-grid\">\n\t\t\t\t\t\t\t\t<div class=\"elementor-grid-item\">\n\t\t\t\t\t\t<div\n\t\t\t\t\t\t\tclass=\"elementor-share-btn elementor-share-btn_facebook\"\n\t\t\t\t\t\t\trole=\"button\"\n\t\t\t\t\t\t\ttabindex=\"0\"\n\t\t\t\t\t\t\taria-label=\"Share on facebook\"\n\t\t\t\t\t\t>\n\t\t\t\t\t\t\t\t\t\t\t\t\t\t\t<span class=\"elementor-share-btn__icon\">\n\t\t\t\t\t\t\t\t<i class=\"fab fa-facebook\" aria-hidden=\"true\"><\/i>\t\t\t\t\t\t\t<\/span>\n\t\t\t\t\t\t\t\t\t\t\t\t\t\t\t\t\t\t\t\t<\/div>\n\t\t\t\t\t<\/div>\n\t\t\t\t\t\t\t\t\t<div class=\"elementor-grid-item\">\n\t\t\t\t\t\t<div\n\t\t\t\t\t\t\tclass=\"elementor-share-btn elementor-share-btn_twitter\"\n\t\t\t\t\t\t\trole=\"button\"\n\t\t\t\t\t\t\ttabindex=\"0\"\n\t\t\t\t\t\t\taria-label=\"Share on twitter\"\n\t\t\t\t\t\t>\n\t\t\t\t\t\t\t\t\t\t\t\t\t\t\t<span class=\"elementor-share-btn__icon\">\n\t\t\t\t\t\t\t\t<i class=\"fab fa-twitter\" aria-hidden=\"true\"><\/i>\t\t\t\t\t\t\t<\/span>\n\t\t\t\t\t\t\t\t\t\t\t\t\t\t\t\t\t\t\t\t<\/div>\n\t\t\t\t\t<\/div>\n\t\t\t\t\t\t\t\t\t<div class=\"elementor-grid-item\">\n\t\t\t\t\t\t<div\n\t\t\t\t\t\t\tclass=\"elementor-share-btn elementor-share-btn_vk\"\n\t\t\t\t\t\t\trole=\"button\"\n\t\t\t\t\t\t\ttabindex=\"0\"\n\t\t\t\t\t\t\taria-label=\"Share on vk\"\n\t\t\t\t\t\t>\n\t\t\t\t\t\t\t\t\t\t\t\t\t\t\t<span class=\"elementor-share-btn__icon\">\n\t\t\t\t\t\t\t\t<i class=\"fab fa-vk\" aria-hidden=\"true\"><\/i>\t\t\t\t\t\t\t<\/span>\n\t\t\t\t\t\t\t\t\t\t\t\t\t\t\t\t\t\t\t\t<\/div>\n\t\t\t\t\t<\/div>\n\t\t\t\t\t\t<\/div>\n\t\t\t\t<\/div>\n\t\t\t\t<\/div>\n\t\t\t\t<div class=\"elementor-element elementor-element-e5ece39 elementor-button-info elementor-align-left elementor-widget elementor-widget-button\" data-id=\"e5ece39\" data-element_type=\"widget\" data-widget_type=\"button.default\">\n\t\t\t\t<div class=\"elementor-widget-container\">\n\t\t\t\t\t<div class=\"elementor-button-wrapper\">\n\t\t\t<a class=\"elementor-button elementor-button-link elementor-size-md elementor-animation-shrink\" href=\"mailto:info@aimalichtblau.com\">\n\t\t\t\t\t\t<span class=\"elementor-button-content-wrapper\">\n\t\t\t\t\t\t\t\t\t<span class=\"elementor-button-text\">Request Infos<\/span>\n\t\t\t\t\t<\/span>\n\t\t\t\t\t<\/a>\n\t\t<\/div>\n\t\t\t\t<\/div>\n\t\t\t\t<\/div>\n\t\t\t\t\t<\/div>\n\t\t<\/div>\n\t\t\t\t\t<\/div>\n\t\t<\/section>\n\t\t\t\t<\/div>\n\t\t","protected":false},"excerpt":{"rendered":"<div class=\"elementor-element elementor-element-763b547 elementor-widget elementor-widget-heading\" data-id=\"763b547\" data-element_type=\"widget\" data-widget_type=\"heading.default\">\n<div class=\"elementor-widget-container\">\n<p class=\"elementor-heading-title elementor-size-default\"><span style=\"color: #000000;\">MUS\u00cdCA MAR\u00cdTT\u00cdMA, IS INSPIRED BY A MAGICAL MYSTERY TOUR TO VENEZIA IN SPRING MM, WAS RECORDED IN SUMMER AND AUTUMN MM. <\/span><span style=\"color: #000000;\"><br \/>\n<\/span><\/p>\n<\/div>\n<\/div>\n<div class=\"elementor-element elementor-element-9bd1b5c elementor-widget elementor-widget-heading\" data-id=\"9bd1b5c\" data-element_type=\"widget\" data-widget_type=\"heading.default\">\n<div class=\"elementor-widget-container\">\n<h4 class=\"elementor-heading-title elementor-size-default\"><span style=\"color: #000000;\">CD<\/span><\/h4>\n<\/div>\n<\/div>\n<div class=\"elementor-element elementor-element-b93f460 elementor-widget elementor-widget-text-editor\" data-id=\"b93f460\" data-element_type=\"widget\" data-widget_type=\"text-editor.default\">\n<div class=\"elementor-widget-container\">\n<p><span style=\"color: #000000;\">CD DIGIPAK 2001<br \/>\n<\/span><\/p>\n<\/div>\n<\/div>\n","protected":false},"featured_media":30508,"template":"","meta":{"_acf_changed":false,"_monsterinsights_skip_tracking":false,"_monsterinsights_sitenote_active":false,"_monsterinsights_sitenote_note":"","_monsterinsights_sitenote_category":0},"product_cat":[178],"product_tag":[171,179,148,180,123],"acf":[],"yoast_head":"<!-- This site is optimized with the Yoast SEO plugin v21.7 - https:\/\/yoast.com\/wordpress\/plugins\/seo\/ -->\n<title>ALLERSEELEN | Venezia &#8226; AimA Lichtblau Shop<\/title>\n<meta name=\"description\" content=\"Allerseelen, Venezia. Mus\u00edca mar\u00edtt\u00edma is inspired by a magical mystery tour to Venezia in spring MM.\" \/>\n<meta name=\"robots\" content=\"index, follow, max-snippet:-1, max-image-preview:large, max-video-preview:-1\" \/>\n<link rel=\"canonical\" href=\"https:\/\/aimalichtblau.com\/shop\/prodotto\/allerseelen-venezia-cd\/\" \/>\n<meta property=\"og:locale\" content=\"en_US\" \/>\n<meta property=\"og:type\" content=\"article\" \/>\n<meta property=\"og:title\" content=\"ALLERSEELEN | Venezia &#8226; AimA Lichtblau Shop\" \/>\n<meta property=\"og:description\" content=\"Allerseelen, Venezia. Mus\u00edca mar\u00edtt\u00edma is inspired by a magical mystery tour to Venezia in spring MM.\" \/>\n<meta property=\"og:url\" content=\"https:\/\/aimalichtblau.com\/shop\/prodotto\/allerseelen-venezia-cd\/\" \/>\n<meta property=\"og:site_name\" content=\"AimA Lichtblau Shop\" \/>\n<meta property=\"article:modified_time\" content=\"2024-05-08T20:15:46+00:00\" \/>\n<meta property=\"og:image\" content=\"https:\/\/aimalichtblau.com\/shop\/wp-content\/uploads\/sites\/4\/2024\/05\/allerseelen-venezia-aima-lichtblau.jpg\" \/>\n\t<meta property=\"og:image:width\" content=\"1500\" \/>\n\t<meta property=\"og:image:height\" content=\"1501\" \/>\n\t<meta property=\"og:image:type\" content=\"image\/jpeg\" \/>\n<meta name=\"twitter:card\" content=\"summary_large_image\" \/>\n<meta name=\"twitter:label1\" content=\"Est. reading time\" \/>\n\t<meta name=\"twitter:data1\" content=\"2 minutes\" \/>\n<script type=\"application\/ld+json\" class=\"yoast-schema-graph\">{\"@context\":\"https:\/\/schema.org\",\"@graph\":[{\"@type\":\"WebPage\",\"@id\":\"https:\/\/aimalichtblau.com\/shop\/prodotto\/allerseelen-venezia-cd\/\",\"url\":\"https:\/\/aimalichtblau.com\/shop\/prodotto\/allerseelen-venezia-cd\/\",\"name\":\"ALLERSEELEN | Venezia &#8226; AimA Lichtblau Shop\",\"isPartOf\":{\"@id\":\"https:\/\/aimalichtblau.com\/shop\/#website\"},\"datePublished\":\"2024-05-07T17:15:41+00:00\",\"dateModified\":\"2024-05-08T20:15:46+00:00\",\"description\":\"Allerseelen, Venezia. Mus\u00edca mar\u00edtt\u00edma is inspired by a magical mystery tour to Venezia in spring MM.\",\"breadcrumb\":{\"@id\":\"https:\/\/aimalichtblau.com\/shop\/prodotto\/allerseelen-venezia-cd\/#breadcrumb\"},\"inLanguage\":\"en-US\",\"potentialAction\":[{\"@type\":\"ReadAction\",\"target\":[\"https:\/\/aimalichtblau.com\/shop\/prodotto\/allerseelen-venezia-cd\/\"]}]},{\"@type\":\"BreadcrumbList\",\"@id\":\"https:\/\/aimalichtblau.com\/shop\/prodotto\/allerseelen-venezia-cd\/#breadcrumb\",\"itemListElement\":[{\"@type\":\"ListItem\",\"position\":1,\"name\":\"Home\",\"item\":\"https:\/\/aimalichtblau.com\/shop\/\"},{\"@type\":\"ListItem\",\"position\":2,\"name\":\"Prodotti\",\"item\":\"https:\/\/aimalichtblau.com\/shop\/shop\/\"},{\"@type\":\"ListItem\",\"position\":3,\"name\":\"ALLERSEELEN | Venezia\"}]},{\"@type\":\"WebSite\",\"@id\":\"https:\/\/aimalichtblau.com\/shop\/#website\",\"url\":\"https:\/\/aimalichtblau.com\/shop\/\",\"name\":\"AimA Lichtblau Shop\",\"description\":\"Cds - Vinyls - Books - Art\",\"publisher\":{\"@id\":\"https:\/\/aimalichtblau.com\/shop\/#organization\"},\"potentialAction\":[{\"@type\":\"SearchAction\",\"target\":{\"@type\":\"EntryPoint\",\"urlTemplate\":\"https:\/\/aimalichtblau.com\/shop\/?s={search_term_string}\"},\"query-input\":\"required name=search_term_string\"}],\"inLanguage\":\"en-US\"},{\"@type\":\"Organization\",\"@id\":\"https:\/\/aimalichtblau.com\/shop\/#organization\",\"name\":\"AimA Lichtblau Shop\",\"url\":\"https:\/\/aimalichtblau.com\/shop\/\",\"logo\":{\"@type\":\"ImageObject\",\"inLanguage\":\"en-US\",\"@id\":\"https:\/\/aimalichtblau.com\/shop\/#\/schema\/logo\/image\/\",\"url\":\"https:\/\/aimalichtblau.com\/shop\/wp-content\/uploads\/sites\/4\/2021\/09\/diego-cinquegrana-the-golden-torch-aimaproject-sa-aima-lichtblau-logo-shop-nero.png\",\"contentUrl\":\"https:\/\/aimalichtblau.com\/shop\/wp-content\/uploads\/sites\/4\/2021\/09\/diego-cinquegrana-the-golden-torch-aimaproject-sa-aima-lichtblau-logo-shop-nero.png\",\"width\":1000,\"height\":1000,\"caption\":\"AimA Lichtblau Shop\"},\"image\":{\"@id\":\"https:\/\/aimalichtblau.com\/shop\/#\/schema\/logo\/image\/\"}}]}<\/script>\n<!-- \/ Yoast SEO plugin. -->","yoast_head_json":{"title":"ALLERSEELEN | Venezia &#8226; AimA Lichtblau Shop","description":"Allerseelen, Venezia. Mus\u00edca mar\u00edtt\u00edma is inspired by a magical mystery tour to Venezia in spring MM.","robots":{"index":"index","follow":"follow","max-snippet":"max-snippet:-1","max-image-preview":"max-image-preview:large","max-video-preview":"max-video-preview:-1"},"canonical":"https:\/\/aimalichtblau.com\/shop\/prodotto\/allerseelen-venezia-cd\/","og_locale":"en_US","og_type":"article","og_title":"ALLERSEELEN | Venezia &#8226; AimA Lichtblau Shop","og_description":"Allerseelen, Venezia. Mus\u00edca mar\u00edtt\u00edma is inspired by a magical mystery tour to Venezia in spring MM.","og_url":"https:\/\/aimalichtblau.com\/shop\/prodotto\/allerseelen-venezia-cd\/","og_site_name":"AimA Lichtblau Shop","article_modified_time":"2024-05-08T20:15:46+00:00","og_image":[{"width":1500,"height":1501,"url":"https:\/\/aimalichtblau.com\/shop\/wp-content\/uploads\/sites\/4\/2024\/05\/allerseelen-venezia-aima-lichtblau.jpg","type":"image\/jpeg"}],"twitter_card":"summary_large_image","twitter_misc":{"Est. reading time":"2 minutes"},"schema":{"@context":"https:\/\/schema.org","@graph":[{"@type":"WebPage","@id":"https:\/\/aimalichtblau.com\/shop\/prodotto\/allerseelen-venezia-cd\/","url":"https:\/\/aimalichtblau.com\/shop\/prodotto\/allerseelen-venezia-cd\/","name":"ALLERSEELEN | Venezia &#8226; AimA Lichtblau Shop","isPartOf":{"@id":"https:\/\/aimalichtblau.com\/shop\/#website"},"datePublished":"2024-05-07T17:15:41+00:00","dateModified":"2024-05-08T20:15:46+00:00","description":"Allerseelen, Venezia. Mus\u00edca mar\u00edtt\u00edma is inspired by a magical mystery tour to Venezia in spring MM.","breadcrumb":{"@id":"https:\/\/aimalichtblau.com\/shop\/prodotto\/allerseelen-venezia-cd\/#breadcrumb"},"inLanguage":"en-US","potentialAction":[{"@type":"ReadAction","target":["https:\/\/aimalichtblau.com\/shop\/prodotto\/allerseelen-venezia-cd\/"]}]},{"@type":"BreadcrumbList","@id":"https:\/\/aimalichtblau.com\/shop\/prodotto\/allerseelen-venezia-cd\/#breadcrumb","itemListElement":[{"@type":"ListItem","position":1,"name":"Home","item":"https:\/\/aimalichtblau.com\/shop\/"},{"@type":"ListItem","position":2,"name":"Prodotti","item":"https:\/\/aimalichtblau.com\/shop\/shop\/"},{"@type":"ListItem","position":3,"name":"ALLERSEELEN | Venezia"}]},{"@type":"WebSite","@id":"https:\/\/aimalichtblau.com\/shop\/#website","url":"https:\/\/aimalichtblau.com\/shop\/","name":"AimA Lichtblau Shop","description":"Cds - Vinyls - Books - Art","publisher":{"@id":"https:\/\/aimalichtblau.com\/shop\/#organization"},"potentialAction":[{"@type":"SearchAction","target":{"@type":"EntryPoint","urlTemplate":"https:\/\/aimalichtblau.com\/shop\/?s={search_term_string}"},"query-input":"required name=search_term_string"}],"inLanguage":"en-US"},{"@type":"Organization","@id":"https:\/\/aimalichtblau.com\/shop\/#organization","name":"AimA Lichtblau Shop","url":"https:\/\/aimalichtblau.com\/shop\/","logo":{"@type":"ImageObject","inLanguage":"en-US","@id":"https:\/\/aimalichtblau.com\/shop\/#\/schema\/logo\/image\/","url":"https:\/\/aimalichtblau.com\/shop\/wp-content\/uploads\/sites\/4\/2021\/09\/diego-cinquegrana-the-golden-torch-aimaproject-sa-aima-lichtblau-logo-shop-nero.png","contentUrl":"https:\/\/aimalichtblau.com\/shop\/wp-content\/uploads\/sites\/4\/2021\/09\/diego-cinquegrana-the-golden-torch-aimaproject-sa-aima-lichtblau-logo-shop-nero.png","width":1000,"height":1000,"caption":"AimA Lichtblau Shop"},"image":{"@id":"https:\/\/aimalichtblau.com\/shop\/#\/schema\/logo\/image\/"}}]}},"_links":{"self":[{"href":"https:\/\/aimalichtblau.com\/shop\/wp-json\/wp\/v2\/product\/30505"}],"collection":[{"href":"https:\/\/aimalichtblau.com\/shop\/wp-json\/wp\/v2\/product"}],"about":[{"href":"https:\/\/aimalichtblau.com\/shop\/wp-json\/wp\/v2\/types\/product"}],"version-history":[{"count":14,"href":"https:\/\/aimalichtblau.com\/shop\/wp-json\/wp\/v2\/product\/30505\/revisions"}],"predecessor-version":[{"id":30521,"href":"https:\/\/aimalichtblau.com\/shop\/wp-json\/wp\/v2\/product\/30505\/revisions\/30521"}],"wp:featuredmedia":[{"embeddable":true,"href":"https:\/\/aimalichtblau.com\/shop\/wp-json\/wp\/v2\/media\/30508"}],"wp:attachment":[{"href":"https:\/\/aimalichtblau.com\/shop\/wp-json\/wp\/v2\/media?parent=30505"}],"wp:term":[{"taxonomy":"product_cat","embeddable":true,"href":"https:\/\/aimalichtblau.com\/shop\/wp-json\/wp\/v2\/product_cat?post=30505"},{"taxonomy":"product_tag","embeddable":true,"href":"https:\/\/aimalichtblau.com\/shop\/wp-json\/wp\/v2\/product_tag?post=30505"}],"curies":[{"name":"wp","href":"https:\/\/api.w.org\/{rel}","templated":true}]}}